{"id":98,"date":"2011-09-29T16:52:32","date_gmt":"2011-09-29T16:52:32","guid":{"rendered":"http:\/\/localhost:8888\/elpo\/wordpress\/?page_id=98"},"modified":"2026-02-17T09:11:55","modified_gmt":"2026-02-17T09:11:55","slug":"uber-elpo","status":"publish","type":"page","link":"https:\/\/elpo-thermoprozesstechnik.de\/?page_id=98","title":{"rendered":"\u00dcber ELPO"},"content":{"rendered":"<h1 style=\"text-align: left;\"><span style=\"color: #ff0000;\">UNSER ZIEL<\/span><\/h1>\n<h2 style=\"text-align: left;\"><span style=\"color: #000000;\">WIR PERFEKTIONIEREN IHR PRODUKT. <\/span><\/h2>\n<h2 style=\"text-align: left;\"><span style=\"color: #000000;\">MIT INNOVATIVER PROZESSTECHNIK.<\/span><\/h2>\n<p>&nbsp;<\/p>\n<h1><span style=\"color: #ff0000;\">UNSERE LEISTUNG<\/span><\/h1>\n<p>Unsere Leistung beginnt immer beim Kunden. Mit dem Verst\u00e4ndnis f\u00fcr das individuelle Produktionsumfeld.<\/p>\n<h3>ANALYSE<\/h3>\n<p>Unsere Anlagen sind Unikate. Sie m\u00fcssen exakt in das komplexe Anlagenumfeld unserer Kunden passen.<\/p>\n<h3>KONZEPT<\/h3>\n<p>Wir finden gemeinsam mit unseren Kunden die beste L\u00f6sung f\u00fcr den individuellen Anwendungsfall. Daf\u00fcr k\u00f6nnen wir Versuche mit individuellen Kundenprodukten in unserem Technikum durchf\u00fchren.<\/p>\n<h3>BEGLEITUNG<\/h3>\n<p>Von der ersten Idee bis zur fertigen Sonderanlagen alles aus einer ELPO Hand.<\/p>\n<p>&nbsp;<\/p>\n<h1><span style=\"color: #ff0000;\">UNSER ANSPRUCH<\/span><\/h1>\n<h3>MADE BY ELPO<\/h3>\n<p>Unsere Sonderanlagen zeichnen sich durch h\u00f6chste Qualit\u00e4t und Zuverl\u00e4ssigkeit aus. Robust, simpel und zuverl\u00e4ssig in technisch anspruchsvollem Umfeld ist immer unser Anspruch.<\/p>\n<h3>NACHHALTIGKEIT<\/h3>\n<p>Wir m\u00f6chten mit unseren Anlagen den kleinstm\u00f6glichen \u00f6kologischen Fu\u00dfabdruck hinterlassen. Energieeffizienz und Emissionsoptimierung sind fester Bestandteil in unserer Konzeptfindung.<\/p>\n<h3>SERVICE<\/h3>\n<p>Wir versprechen einen weltweiten Service und halten ihn. Mit unserem Fachpersonal betreuen wir weltweit ein ganzes Anlagenleben lang.<\/p>\n<p>&nbsp;<\/p>\n<h1 style=\"text-align: left;\"><span style=\"color: #ff0000;\">UNSER TEAM<\/span><\/h1>\n<p>Ingenieure, Elektro-, Maschinenbau- und Automatisierungstechniker, Technische Produktdesigner, Konstruktionsmechaniker und Vertriebsspezialisten:<\/p>\n<p><b data-path-to-node=\"3\" data-index-in-node=\"146\">Gemeinsam bilden wir das leistungsstarke Team der ELPO GmbH.<\/b><\/p>\n<p>Als schw\u00e4bischer Hersteller f\u00fcr prozesstechnische Sonderanlagen realisieren wir weltweit Projekte f\u00fcr die Industrie \u2013 mit serviceorientierter Kundenbegleitung von der ersten Idee bis zur Inbetriebnahme vor Ort!<\/p>\n<p>&nbsp;<\/p>\n<h1 style=\"text-align: left;\"><span style=\"color: #ff0000;\">ZIELSTREBIG NACH VORNE<\/span><\/h1>\n<p>Die ELPO GmbH investiert in die Weiterentwicklung bew\u00e4hrter Produkte und kontinuierlich in neue Ideen. Das Unternehmen expandiert mit innovativer Prozesstechnik in branchen\u00fcbergreifende M\u00e4rkte. Im Fokus stehen die sich wandelnden Bed\u00fcrfnisse unserer Kunden.<\/p>\n<p>&nbsp;<\/p>\n<h1><span style=\"color: #ff0000;\">EINBLICK IN UNSERE IMAGEBROSCH\u00dcRE<\/span><\/h1>\n<p><span style=\"color: #000000;\"><a style=\"color: #000000;\" href=\"https:\/\/elpo-thermoprozesstechnik.de\/wp-content\/uploads\/2011\/11\/elpo_imgbroch_de_web.pdf\" target=\"_blank\" rel=\"noopener\">zur Brosch\u00fcre<\/a><\/span><\/p>\n<p>&nbsp;<\/p>\n<h1><span style=\"color: #ff0000;\">EINBLICK IN UNSER TEAM<\/span><\/h1>\n<div id=\"kgvid_kgvid_0_wrapper\" class=\"kgvid_wrapper\">\n\t\t\t<div id=\"video_kgvid_0_div\" class=\"fitvidsignore kgvid_videodiv\" data-id=\"kgvid_0\" data-kgvid_video_vars=\"{&quot;id&quot;:&quot;kgvid_0&quot;,&quot;attachment_id&quot;:1042,&quot;player_type&quot;:&quot;Video.js v8&quot;,&quot;width&quot;:&quot;640&quot;,&quot;height&quot;:&quot;360&quot;,&quot;fullwidth&quot;:&quot;true&quot;,&quot;fixed_aspect&quot;:&quot;vertical&quot;,&quot;countable&quot;:true,&quot;count_views&quot;:&quot;start_complete&quot;,&quot;start&quot;:&quot;&quot;,&quot;autoplay&quot;:&quot;false&quot;,&quot;pauseothervideos&quot;:&quot;true&quot;,&quot;set_volume&quot;:1,&quot;muted&quot;:&quot;false&quot;,&quot;meta&quot;:true,&quot;endofvideooverlay&quot;:false,&quot;resize&quot;:&quot;true&quot;,&quot;auto_res&quot;:&quot;automatic&quot;,&quot;pixel_ratio&quot;:&quot;true&quot;,&quot;right_click&quot;:&quot;on&quot;,&quot;playback_rate&quot;:&quot;false&quot;,&quot;title&quot;:&quot;ELPO GmbH - Thermoprozesstechnik in Perfektion (1080p_25fps_H264-128kbit_AAC)&quot;,&quot;skip_buttons&quot;:[],&quot;nativecontrolsfortouch&quot;:&quot;false&quot;,&quot;locale&quot;:&quot;de&quot;,&quot;enable_resolutions_plugin&quot;:&quot;true&quot;,&quot;default_res&quot;:false}\" itemprop=\"video\" itemscope itemtype=\"https:\/\/schema.org\/VideoObject\"><meta itemprop=\"embedUrl\" content=\"https:\/\/elpo-thermoprozesstechnik.de\/?attachment_id=1042&#038;videopack%5Benable%5D=true\"><meta itemprop=\"contentUrl\" content=\"https:\/\/elpo-thermoprozesstechnik.de\/wp-content\/uploads\/2018\/05\/ELPO-GmbH-Thermoprozesstechnik-in-Perfektion-1080p_25fps_H264-128kbit_AAC.mp4\"><meta itemprop=\"name\" content=\"ELPO GmbH - Thermoprozesstechnik in Perfektion (1080p_25fps_H264-128kbit_AAC)\"><meta itemprop=\"description\" content=\"Video\"><meta itemprop=\"uploadDate\" content=\"2018-05-29T12:27:04+01:00\">\n\t\t\t\t<video id=\"video_kgvid_0\" playsinline controls preload=\"metadata\" width=\"640\" height=\"360\" class=\"fitvidsignore video-js kg-video-js-skin\">\n\t\t\t\t\t<source src=\"https:\/\/elpo-thermoprozesstechnik.de\/wp-content\/uploads\/2018\/05\/ELPO-GmbH-Thermoprozesstechnik-in-Perfektion-1080p_25fps_H264-128kbit_AAC.mp4?id=0\" type=\"video\/mp4\" data-res=\"1080p\">\n\t\t\t\t\t<source src=\"https:\/\/elpo-thermoprozesstechnik.de\/wp-content\/uploads\/2018\/05\/ELPO-GmbH-Thermoprozesstechnik-in-Perfektion-720p_25fps_H264-128kbit_AAC.mp4?id=0\" type=\"video\/mp4\" data-res=\"720p\">\n\t\t\t\t\t<source src=\"https:\/\/elpo-thermoprozesstechnik.de\/wp-content\/uploads\/2018\/05\/ELPO-GmbH-Thermoprozesstechnik-in-Perfektion-480p_25fps_H264-128kbit_AAC.mp4?id=0\" type=\"video\/mp4\" data-res=\"480p\">\n\t\t\t\t<\/video>\n\t\t\t<\/div>\n\t\t\t<div style=\"display:none\" id=\"video_kgvid_0_meta\" class=\"kgvid_video_meta kgvid_video_meta_hover \">\n\t\t\t\t<span class='kgvid_meta_icons'><\/span>\n\t\t\t\t<span id='video_kgvid_0_title' class='kgvid_title'>ELPO GmbH - Thermoprozesstechnik in Perfektion (1080p_25fps_H264-128kbit_AAC)<\/span>\n<\/div>\n\t\t<\/div>\n","protected":false},"excerpt":{"rendered":"<p>UNSER ZIEL WIR PERFEKTIONIEREN IHR PRODUKT. MIT INNOVATIVER PROZESSTECHNIK. &nbsp; UNSERE LEISTUNG Unsere Leistung beginnt immer beim Kunden. Mit dem Verst\u00e4ndnis f\u00fcr das individuelle Produktionsumfeld&#8230;.<\/p>\n","protected":false},"author":1,"featured_media":1865,"parent":10,"menu_order":0,"comment_status":"open","ping_status":"open","template":"","meta":{"footnotes":"","_links_to":"","_links_to_target":""},"class_list":["post-98","page","type-page","status-publish","has-post-thumbnail","hentry"],"_links":{"self":[{"href":"https:\/\/elpo-thermoprozesstechnik.de\/index.php?rest_route=\/wp\/v2\/pages\/98","targetHints":{"allow":["GET"]}}],"collection":[{"href":"https:\/\/elpo-thermoprozesstechnik.de\/index.php?rest_route=\/wp\/v2\/pages"}],"about":[{"href":"https:\/\/elpo-thermoprozesstechnik.de\/index.php?rest_route=\/wp\/v2\/types\/page"}],"author":[{"embeddable":true,"href":"https:\/\/elpo-thermoprozesstechnik.de\/index.php?rest_route=\/wp\/v2\/users\/1"}],"replies":[{"embeddable":true,"href":"https:\/\/elpo-thermoprozesstechnik.de\/index.php?rest_route=%2Fwp%2Fv2%2Fcomments&post=98"}],"version-history":[{"count":56,"href":"https:\/\/elpo-thermoprozesstechnik.de\/index.php?rest_route=\/wp\/v2\/pages\/98\/revisions"}],"predecessor-version":[{"id":1966,"href":"https:\/\/elpo-thermoprozesstechnik.de\/index.php?rest_route=\/wp\/v2\/pages\/98\/revisions\/1966"}],"up":[{"embeddable":true,"href":"https:\/\/elpo-thermoprozesstechnik.de\/index.php?rest_route=\/wp\/v2\/pages\/10"}],"wp:featuredmedia":[{"embeddable":true,"href":"https:\/\/elpo-thermoprozesstechnik.de\/index.php?rest_route=\/wp\/v2\/media\/1865"}],"wp:attachment":[{"href":"https:\/\/elpo-thermoprozesstechnik.de\/index.php?rest_route=%2Fwp%2Fv2%2Fmedia&parent=98"}],"curies":[{"name":"wp","href":"https:\/\/api.w.org\/{rel}","templated":true}]}}