{"id":860,"date":"2017-01-20T14:06:11","date_gmt":"2017-01-20T14:06:11","guid":{"rendered":"http:\/\/elpo-thermoprozesstechnik.de\/?page_id=860"},"modified":"2026-02-10T12:13:56","modified_gmt":"2026-02-10T12:13:56","slug":"imagebroschuere","status":"publish","type":"page","link":"https:\/\/elpo-thermoprozesstechnik.de\/?page_id=860","title":{"rendered":"Unser Team"},"content":{"rendered":"<h1><span style=\"color: #ff0000;\">K\u00dcHLE K\u00d6PFE<\/span><\/h1>\n<h1>F\u00dcR HEISSE PROZESSTECHNIK<\/h1>\n<p>Seit unserer Gr\u00fcndung im Jahr <b data-path-to-node=\"5\" data-index-in-node=\"30\">1995<\/b> beweisen wir, dass schw\u00e4bischer T\u00fcftlergeist und modernste High-Tech-L\u00f6sungen die perfekte Verbindung eingehen. Als <b data-path-to-node=\"5\" data-index-in-node=\"151\">inhabergef\u00fchrtes Unternehmen<\/b> setzen wir auf Werte, die heute seltener werden: Verl\u00e4sslichkeit, kurze Entscheidungswege und eine langfristige Vision f\u00fcr unsere Kunden und unser Team.<\/p>\n<p>&nbsp;<\/p>\n<h2><span style=\"color: #ff0000;\">EIN TEAM,\u00a0DAS DEN UNTERSCHIED MACHT<\/span><\/h2>\n<p data-path-to-node=\"6\">Hinter jedem erfolgreichen Projekt stehen Menschen. Mit rund <b data-path-to-node=\"6\" data-index-in-node=\"61\">50 Mitarbeitern<\/b> haben wir genau die richtige Gr\u00f6\u00dfe, um agil zu reagieren und gleichzeitig h\u00f6chste Professionalit\u00e4t zu garantieren.<\/p>\n<ul data-path-to-node=\"7\">\n<li>\n<p data-path-to-node=\"7,0,0\"><b data-path-to-node=\"7,0,0\" data-index-in-node=\"0\">Jung &amp; Innovativ:<\/b> Mit einem Durchschnittsalter von <b data-path-to-node=\"7,0,0\" data-index-in-node=\"51\">40 Jahren<\/b> sind wir ein dynamisches Team, das technologische Herausforderungen nicht scheut, sondern mit Begeisterung annimmt.<\/p>\n<\/li>\n<li>\n<p data-path-to-node=\"7,1,0\"><b data-path-to-node=\"7,1,0\" data-index-in-node=\"0\">Erfahrung, die bleibt:<\/b> Unsere Kollegen sind im Schnitt \u00fcber <strong>8\u00a0Jahre<\/strong> an Bord. Das sorgt f\u00fcr Kontinuit\u00e4t und tiefes Expertenwissen.<\/p>\n<\/li>\n<li>\n<p data-path-to-node=\"7,2,0\"><b data-path-to-node=\"7,2,0\" data-index-in-node=\"0\">Gestaltungsfreiraum statt starrer Hierarchien:<\/b> Wir bieten sichere Arbeitspl\u00e4tze in einem Umfeld, in dem Eigeninitiative gef\u00f6rdert wird. Bei uns bekommt jeder den Freiraum, den er braucht, um die beste L\u00f6sung f\u00fcr unsere Kunden zu finden.<\/p>\n<\/li>\n<\/ul>\n<p>&nbsp;<\/p>\n<h2><span style=\"color: #ff0000;\">WIR INVESTIEREN IN DIE ZUKUNFT &#8211; UNSERE UND IHRE<\/span><\/h2>\n<p data-path-to-node=\"9\">Wir verlassen uns nicht auf den Status quo, sondern entwickeln unsere Experten von morgen selbst. Dass wir dabei keine halben Sachen machen, beweist unser j\u00fcngster Erfolg: Im letzten Abschlussjahrgang durften wir stolz den <b data-path-to-node=\"9\" data-index-in-node=\"223\">landesbesten Auszubildenden im Bereich Konstruktionsmechanik<\/b> in unseren Reihen feiern.<\/p>\n<p data-path-to-node=\"10\">Dieser Anspruch an Exzellenz zieht sich durch unsere gesamte Wertsch\u00f6pfungskette \u2013 von der ersten Skizze bis zur Inbetriebnahme Ihrer Sonderanlage.<\/p>\n","protected":false},"excerpt":{"rendered":"<p>K\u00dcHLE K\u00d6PFE F\u00dcR HEISSE PROZESSTECHNIK Seit unserer Gr\u00fcndung im Jahr 1995 beweisen wir, dass schw\u00e4bischer T\u00fcftlergeist und modernste High-Tech-L\u00f6sungen die perfekte Verbindung eingehen. Als inhabergef\u00fchrtes&#8230;<\/p>\n","protected":false},"author":2,"featured_media":1893,"parent":10,"menu_order":1,"comment_status":"closed","ping_status":"closed","template":"","meta":{"footnotes":"","_links_to":"","_links_to_target":""},"class_list":["post-860","page","type-page","status-publish","has-post-thumbnail","hentry"],"_links":{"self":[{"href":"https:\/\/elpo-thermoprozesstechnik.de\/index.php?rest_route=\/wp\/v2\/pages\/860","targetHints":{"allow":["GET"]}}],"collection":[{"href":"https:\/\/elpo-thermoprozesstechnik.de\/index.php?rest_route=\/wp\/v2\/pages"}],"about":[{"href":"https:\/\/elpo-thermoprozesstechnik.de\/index.php?rest_route=\/wp\/v2\/types\/page"}],"author":[{"embeddable":true,"href":"https:\/\/elpo-thermoprozesstechnik.de\/index.php?rest_route=\/wp\/v2\/users\/2"}],"replies":[{"embeddable":true,"href":"https:\/\/elpo-thermoprozesstechnik.de\/index.php?rest_route=%2Fwp%2Fv2%2Fcomments&post=860"}],"version-history":[{"count":10,"href":"https:\/\/elpo-thermoprozesstechnik.de\/index.php?rest_route=\/wp\/v2\/pages\/860\/revisions"}],"predecessor-version":[{"id":1898,"href":"https:\/\/elpo-thermoprozesstechnik.de\/index.php?rest_route=\/wp\/v2\/pages\/860\/revisions\/1898"}],"up":[{"embeddable":true,"href":"https:\/\/elpo-thermoprozesstechnik.de\/index.php?rest_route=\/wp\/v2\/pages\/10"}],"wp:featuredmedia":[{"embeddable":true,"href":"https:\/\/elpo-thermoprozesstechnik.de\/index.php?rest_route=\/wp\/v2\/media\/1893"}],"wp:attachment":[{"href":"https:\/\/elpo-thermoprozesstechnik.de\/index.php?rest_route=%2Fwp%2Fv2%2Fmedia&parent=860"}],"curies":[{"name":"wp","href":"https:\/\/api.w.org\/{rel}","templated":true}]}}