{"id":77,"date":"2011-09-29T13:33:21","date_gmt":"2011-09-29T13:33:21","guid":{"rendered":"http:\/\/localhost:8888\/elpo\/wordpress\/?page_id=77"},"modified":"2026-02-17T09:07:31","modified_gmt":"2026-02-17T09:07:31","slug":"fordertechnik","status":"publish","type":"page","link":"https:\/\/elpo-thermoprozesstechnik.de\/?page_id=77","title":{"rendered":"F\u00f6rder- und Lagertechnik"},"content":{"rendered":"<h2><img loading=\"lazy\" decoding=\"async\" class=\"alignnone wp-image-1457\" src=\"https:\/\/elpo-thermoprozesstechnik.de\/wp-content\/uploads\/2021\/05\/20210531_foerdern_weiss.gif\" alt=\"\" width=\"40\" height=\"40\" \/>\u00a0 <span style=\"color: #ff0000;\">F\u00d6RDER- und LAGERTECHNIK<\/span><\/h2>\n<p><span style=\"color: #000000;\">F\u00f6rder- und Lagertechnik planen wir passgenau f\u00fcr Ihr bestehendes Produktionsumfeld, auch au\u00dferhalb von thermischen Prozessen. F\u00fcr den perfekten Ablauf Ihres Fertigungsprozesses konzipieren wir optimale Materialflusssysteme mit horizontalem oder vertikalen F\u00f6rdern oder dem Umsetzen von Werkst\u00fccken, Ladungstr\u00e4gern oder Regalgestellen.<\/span><\/p>\n<p><span style=\"color: #000000;\"><strong>Varianten<\/strong><\/span><\/p>\n<ul>\n<li><span style=\"color: #000000;\">Rollen- und Kettenf\u00f6rderer<\/span><\/li>\n<li><span style=\"color: #000000;\">Friktionsf\u00f6rderer<\/span><\/li>\n<li><span style=\"color: #000000;\">Hubeinrichtungen und Stapelsysteme<\/span><\/li>\n<li><span style=\"color: #000000;\">Verfahrwagen und Portalsysteme<\/span><\/li>\n<li>Hochregallager inkl. Regalbedienger\u00e4t<\/li>\n<\/ul>\n<p>&nbsp;<\/p>\n<p><strong>Anwendungsbeispiele<\/strong><\/p>\n<ul>\n<li>Verkettung komplexer Fertigungsprozesse<\/li>\n<li>F\u00f6rdertechnik f\u00fcr robuste Anforderungen z. B. Verputzen von Gussteilen<\/li>\n<li>Werkst\u00fccktr\u00e4gerumlaufsysteme<\/li>\n<li>Integration von Be- und Entladestationen<\/li>\n<li>Hochregallager f\u00fcr Dandkerne<\/li>\n<li>Automatisiertes Hochregallager f\u00fcr 8t schere Werkzeuge mit direkter Anbindung an die Produktion sowie an eine Laserreinigungskabine<\/li>\n<\/ul>\n","protected":false},"excerpt":{"rendered":"<p><strong>Ihre Anwendung ist nicht dabei?<\/strong><br \/>\n<strong> Rufen Sie uns an.<\/strong><br \/>\n<strong> Telefon 07191\/95720<\/strong><\/p>\n","protected":false},"author":1,"featured_media":776,"parent":8,"menu_order":5,"comment_status":"open","ping_status":"open","template":"","meta":{"footnotes":"","_links_to":"","_links_to_target":""},"class_list":["post-77","page","type-page","status-publish","has-post-thumbnail","hentry"],"_links":{"self":[{"href":"https:\/\/elpo-thermoprozesstechnik.de\/index.php?rest_route=\/wp\/v2\/pages\/77","targetHints":{"allow":["GET"]}}],"collection":[{"href":"https:\/\/elpo-thermoprozesstechnik.de\/index.php?rest_route=\/wp\/v2\/pages"}],"about":[{"href":"https:\/\/elpo-thermoprozesstechnik.de\/index.php?rest_route=\/wp\/v2\/types\/page"}],"author":[{"embeddable":true,"href":"https:\/\/elpo-thermoprozesstechnik.de\/index.php?rest_route=\/wp\/v2\/users\/1"}],"replies":[{"embeddable":true,"href":"https:\/\/elpo-thermoprozesstechnik.de\/index.php?rest_route=%2Fwp%2Fv2%2Fcomments&post=77"}],"version-history":[{"count":22,"href":"https:\/\/elpo-thermoprozesstechnik.de\/index.php?rest_route=\/wp\/v2\/pages\/77\/revisions"}],"predecessor-version":[{"id":1965,"href":"https:\/\/elpo-thermoprozesstechnik.de\/index.php?rest_route=\/wp\/v2\/pages\/77\/revisions\/1965"}],"up":[{"embeddable":true,"href":"https:\/\/elpo-thermoprozesstechnik.de\/index.php?rest_route=\/wp\/v2\/pages\/8"}],"wp:featuredmedia":[{"embeddable":true,"href":"https:\/\/elpo-thermoprozesstechnik.de\/index.php?rest_route=\/wp\/v2\/media\/776"}],"wp:attachment":[{"href":"https:\/\/elpo-thermoprozesstechnik.de\/index.php?rest_route=%2Fwp%2Fv2%2Fmedia&parent=77"}],"curies":[{"name":"wp","href":"https:\/\/api.w.org\/{rel}","templated":true}]}}