{"id":756,"date":"2016-08-30T07:46:44","date_gmt":"2016-08-30T07:46:44","guid":{"rendered":"http:\/\/elpo-thermoprozesstechnik.de\/?page_id=756"},"modified":"2026-01-13T14:06:12","modified_gmt":"2026-01-13T14:06:12","slug":"produktpalette","status":"publish","type":"page","link":"https:\/\/elpo-thermoprozesstechnik.de\/?page_id=756","title":{"rendered":"Produktpalette"},"content":{"rendered":"<h1>WIR SIND IN FAST ALLEN\u00a0BRANCHEN <span style=\"color: #ff0000;\">ZU HAUSE<\/span>.<\/h1>\n<p>In welchem Bereich und in welcher Branche auch immer Sie eine oder mehrere der beschriebenen Anwendungen ben\u00f6tigen, entwickeln wir gemeinsam mit Ihnen eine passgenaue L\u00f6sung.<\/p>\n<p>Branchen wie Gie\u00dfereien, Dichtungs, Baustoff-, Filter- und Automobilindustrie sch\u00e4tzen unsere Leistungen seit Langem. Unser flexibles Portfolio bietet dar\u00fcber hinaus ein breites Anwendungsspektrum. Und zwar immer dort, wo es um W\u00e4rmebehandlung, Trocknung, K\u00fchlung und F\u00f6rdertechnik geht.<\/p>\n","protected":false},"excerpt":{"rendered":"<p>WIR SIND IN FAST ALLEN\u00a0BRANCHEN ZU HAUSE. In welchem Bereich und in welcher Branche auch immer Sie eine oder mehrere der beschriebenen Anwendungen ben\u00f6tigen, entwickeln&#8230;<\/p>\n","protected":false},"author":2,"featured_media":763,"parent":8,"menu_order":1,"comment_status":"open","ping_status":"open","template":"","meta":{"footnotes":"","_links_to":"","_links_to_target":""},"class_list":["post-756","page","type-page","status-publish","has-post-thumbnail","hentry"],"_links":{"self":[{"href":"https:\/\/elpo-thermoprozesstechnik.de\/index.php?rest_route=\/wp\/v2\/pages\/756","targetHints":{"allow":["GET"]}}],"collection":[{"href":"https:\/\/elpo-thermoprozesstechnik.de\/index.php?rest_route=\/wp\/v2\/pages"}],"about":[{"href":"https:\/\/elpo-thermoprozesstechnik.de\/index.php?rest_route=\/wp\/v2\/types\/page"}],"author":[{"embeddable":true,"href":"https:\/\/elpo-thermoprozesstechnik.de\/index.php?rest_route=\/wp\/v2\/users\/2"}],"replies":[{"embeddable":true,"href":"https:\/\/elpo-thermoprozesstechnik.de\/index.php?rest_route=%2Fwp%2Fv2%2Fcomments&post=756"}],"version-history":[{"count":3,"href":"https:\/\/elpo-thermoprozesstechnik.de\/index.php?rest_route=\/wp\/v2\/pages\/756\/revisions"}],"predecessor-version":[{"id":1771,"href":"https:\/\/elpo-thermoprozesstechnik.de\/index.php?rest_route=\/wp\/v2\/pages\/756\/revisions\/1771"}],"up":[{"embeddable":true,"href":"https:\/\/elpo-thermoprozesstechnik.de\/index.php?rest_route=\/wp\/v2\/pages\/8"}],"wp:featuredmedia":[{"embeddable":true,"href":"https:\/\/elpo-thermoprozesstechnik.de\/index.php?rest_route=\/wp\/v2\/media\/763"}],"wp:attachment":[{"href":"https:\/\/elpo-thermoprozesstechnik.de\/index.php?rest_route=%2Fwp%2Fv2%2Fmedia&parent=756"}],"curies":[{"name":"wp","href":"https:\/\/api.w.org\/{rel}","templated":true}]}}