{"id":712,"date":"2016-08-29T12:57:20","date_gmt":"2016-08-29T12:57:20","guid":{"rendered":"http:\/\/elpo-thermoprozesstechnik.de\/?page_id=712"},"modified":"2026-02-11T09:59:40","modified_gmt":"2026-02-11T09:59:40","slug":"unternehmensgeschichte","status":"publish","type":"page","link":"https:\/\/elpo-thermoprozesstechnik.de\/?page_id=712","title":{"rendered":"Unsere Geschichte"},"content":{"rendered":"<h1 style=\"text-align: left;\">K\u00dcHLE K\u00d6PFE F\u00dcR HEISSE PROZESSTECHNIK<\/h1>\n<h1 style=\"text-align: left;\">EIN UNTERNEHMEN SCHREIBT <span style=\"color: #ff0000;\">GESCHICHTE<\/span><\/h1>\n<p>&nbsp;<\/p>\n<h2 style=\"text-align: left;\"><span style=\"color: #ff0000;\">1995 <span style=\"color: #000000;\">&#8211; Gr\u00fcndungsjahr<\/span><\/span><\/h2>\n<p style=\"text-align: left;\">Von Walter Elser und Michael Popowitsch gegr\u00fcndet, liefert die ELPO GmbH weltweit anspruchsvolle Thermoprozesstechnik. Auf einer Produktionsfl\u00e4che von 900 Quadratmetern entstehen zun\u00e4chst mit Konvektions- und Infrarottechnik betriebene Trockner und W\u00e4rmebehandlungsanlagen.<\/p>\n<h2 style=\"text-align: left;\"><span style=\"color: #ff0000;\">2001\u00a0<span style=\"color: #000000;\">&#8211; Mikrowellentechnik<\/span><\/span><\/h2>\n<p style=\"text-align: left;\">Die Produktpalette wird um die Mikrowellentechnik erweitert. Im gleichen Jahr geht ein zweites Werk mit 1.200 Quadratmetern Produktionsfl\u00e4che in Betrieb.<\/p>\n<h2 style=\"text-align: left;\"><span style=\"color: #ff0000;\">2005\u00a0<span style=\"color: #000000;\">&#8211; F\u00f6rdertechnik<\/span><\/span><\/h2>\n<p style=\"text-align: left;\">Das Produktportfolio wird um die F\u00f6rdertechnik erweitert, um komplexe Produktionsprozesse in das Anlagenumfeld der Auftraggeber zu integrieren.<\/p>\n<h2 style=\"text-align: left;\"><span style=\"color: #ff0000;\">2013\u00a0<span style=\"color: #000000;\">&#8211; Erweiterung<\/span><\/span><\/h2>\n<p style=\"text-align: left;\">Die Produktionsfl\u00e4che in Backnang wird mit einem Erweiterungsbau von Werk 2 auf 3.600 Quadratmeter erweitert.<\/p>\n<p>&nbsp;<\/p>\n<p>&nbsp;<\/p>\n<p>&nbsp;<\/p>\n","protected":false},"excerpt":{"rendered":"<p>K\u00dcHLE K\u00d6PFE F\u00dcR HEISSE PROZESSTECHNIK EIN UNTERNEHMEN SCHREIBT GESCHICHTE &nbsp; 1995 &#8211; Gr\u00fcndungsjahr Von Walter Elser und Michael Popowitsch gegr\u00fcndet, liefert die ELPO GmbH weltweit&#8230;<\/p>\n","protected":false},"author":2,"featured_media":1865,"parent":10,"menu_order":1,"comment_status":"open","ping_status":"open","template":"","meta":{"footnotes":"","_links_to":"","_links_to_target":""},"class_list":["post-712","page","type-page","status-publish","has-post-thumbnail","hentry"],"_links":{"self":[{"href":"https:\/\/elpo-thermoprozesstechnik.de\/index.php?rest_route=\/wp\/v2\/pages\/712","targetHints":{"allow":["GET"]}}],"collection":[{"href":"https:\/\/elpo-thermoprozesstechnik.de\/index.php?rest_route=\/wp\/v2\/pages"}],"about":[{"href":"https:\/\/elpo-thermoprozesstechnik.de\/index.php?rest_route=\/wp\/v2\/types\/page"}],"author":[{"embeddable":true,"href":"https:\/\/elpo-thermoprozesstechnik.de\/index.php?rest_route=\/wp\/v2\/users\/2"}],"replies":[{"embeddable":true,"href":"https:\/\/elpo-thermoprozesstechnik.de\/index.php?rest_route=%2Fwp%2Fv2%2Fcomments&post=712"}],"version-history":[{"count":9,"href":"https:\/\/elpo-thermoprozesstechnik.de\/index.php?rest_route=\/wp\/v2\/pages\/712\/revisions"}],"predecessor-version":[{"id":1959,"href":"https:\/\/elpo-thermoprozesstechnik.de\/index.php?rest_route=\/wp\/v2\/pages\/712\/revisions\/1959"}],"up":[{"embeddable":true,"href":"https:\/\/elpo-thermoprozesstechnik.de\/index.php?rest_route=\/wp\/v2\/pages\/10"}],"wp:featuredmedia":[{"embeddable":true,"href":"https:\/\/elpo-thermoprozesstechnik.de\/index.php?rest_route=\/wp\/v2\/media\/1865"}],"wp:attachment":[{"href":"https:\/\/elpo-thermoprozesstechnik.de\/index.php?rest_route=%2Fwp%2Fv2%2Fmedia&parent=712"}],"curies":[{"name":"wp","href":"https:\/\/api.w.org\/{rel}","templated":true}]}}