{"id":1940,"date":"2026-02-10T13:27:25","date_gmt":"2026-02-10T13:27:25","guid":{"rendered":"https:\/\/elpo-thermoprozesstechnik.de\/?page_id=1940"},"modified":"2026-03-25T21:08:50","modified_gmt":"2026-03-25T20:08:50","slug":"laserreinigung","status":"publish","type":"page","link":"https:\/\/elpo-thermoprozesstechnik.de\/?page_id=1940","title":{"rendered":"Laserreinigung"},"content":{"rendered":"<h1><span style=\"color: #ff0000;\">AUTOMATISIERTE LASERREINIGUNG<\/span><\/h1>\n<h1>ALS INDIVIDUELLE L\u00d6SUNG<\/h1>\n<p>&nbsp;<\/p>\n<p><span data-contrast=\"auto\">Wir realisieren ma\u00dfgeschneiderte Gesamtl\u00f6sungen zur <\/span><b><span data-contrast=\"auto\">voll-\/ teilautomatisierten Laserreinigung<\/span><\/b><span data-contrast=\"auto\">\u00a0\u2013\u00a0pr\u00e4zise auf die Prozesse, Bauteile und Produktionsumgebungen unserer Kunden.\u00a0Die\u00a0Laserreinigung\u00a0wird dabei nicht isoliert betrachtet, sondern als funktionaler Bestandteil einer durchg\u00e4ngigen Prozesskette ausgelegt.<\/span><span data-ccp-props=\"{}\">\u00a0<\/span><\/p>\n<p><span data-contrast=\"auto\">Dabei integrieren wir die Technologie vollst\u00e4ndig in bestehende oder neue Produktionslandschaften \u2013 inklusive F\u00f6rder-, Lager- und \u00dcbergabetechnik sowie intelligenter Prozess- und Sicherheitslogik. Der Schwerpunkt liegt auf der <\/span><b><span data-contrast=\"auto\">automatisierten\u00a0Reinigung\u00a0<\/span><\/b><span data-contrast=\"auto\">von Werkzeugen<\/span><b><span data-contrast=\"auto\">,\u00a0<\/span><\/b><span data-contrast=\"auto\">beispielsweise Kernschie\u00dfwerkzeugen, wobei das System ebenso flexibel f\u00fcr andere Bauteile, Werkst\u00fccke oder Produkte ausgelegt werden kann.<\/span><span data-ccp-props=\"{}\">\u00a0<\/span><\/p>\n<p><span data-contrast=\"auto\">\u00a0Abh\u00e4ngig von den Anforderungen kombinieren wir die Laserreinigung mit weiteren Verfahren wie z. B. Trockeneisstrahlen, manueller Vorreinigung oder kundenspezifischen Sonderprozesse. Auch die Einbindung autonomer Transportsysteme oder bestehender Anlagen ist jederzeit m\u00f6glich.<\/span><span data-ccp-props=\"{}\">\u00a0<\/span><\/p>\n<p><span data-contrast=\"auto\">Als Automatisierungsschnittstelle \u00fcbernehmen wir die vollst\u00e4ndige Integration der Laserreinigung in den Produktionsablauf. Das Laserreinigungsger\u00e4t selbst wird dabei von spezialisierten Technologiepartnern entwickelt und von uns in das Gesamtsystem eingebettet, so dass ein sicherer, reproduzierbarer und wirtschaftlicher Betrieb gew\u00e4hrleistet ist.<\/span><span data-ccp-props=\"{}\">\u00a0<\/span><\/p>\n<h3><span style=\"color: #ff0000;\">DIE VORTEILE AUF EINEN BLICK<\/span><\/h3>\n<p>&nbsp;<\/p>\n<ul>\n<li><span data-contrast=\"auto\">Bis zu\u202f<\/span><b><span data-contrast=\"auto\">80 % geringerer CO\u2082-Verbrauch<\/span><\/b><span data-contrast=\"auto\">\u00a0durch intelligente Prozesskombination (falls aktuell\u00a0Trockeneisstrahlen\u00a0eingesetzt)<\/span><span data-ccp-props=\"{}\">\u00a0<\/span><\/li>\n<li><b><span data-contrast=\"auto\">Deutlich reduzierte Energiekosten\u00a0<\/span><\/b><span data-contrast=\"auto\">gegen\u00fcber Trockeneisstrahlen\u00a0<\/span><span data-ccp-props=\"{}\">\u00a0<\/span><\/li>\n<li><span data-contrast=\"auto\">Bis zu\u202f<\/span><b><span data-contrast=\"auto\">75 % k\u00fcrzere Reinigungszeiten<\/span><\/b><span data-contrast=\"auto\">\u00a0und h\u00f6here Anlagenverf\u00fcgbarkeit<\/span><span data-ccp-props=\"{}\">\u00a0<\/span><\/li>\n<li><b><span data-contrast=\"auto\">Reduktion des Personalaufwands auf ca. 25 %<\/span><\/b><span data-contrast=\"auto\">\u00a0durch automatisierten Betrieb<\/span><span data-ccp-props=\"{}\">\u00a0<\/span><\/li>\n<li><b><span data-contrast=\"auto\">Konstant hohe Reinigungsqualit\u00e4t<\/span><\/b><span data-contrast=\"auto\">\u00a0f\u00fcr stabile Produktionsprozesse<\/span><span data-ccp-props=\"{}\">\u00a0<\/span><\/li>\n<li><b><span data-contrast=\"auto\">Verbesserte Ergonomie<\/span><\/b><span data-contrast=\"auto\">\u00a0und Entlastung von Fachpersonal<\/span><span data-ccp-props=\"{}\">\u00a0<\/span><\/li>\n<\/ul>\n<p><i><span data-contrast=\"auto\">Die genannten Werte wurden in realisierten Projekten erreicht. Je nach individueller Auslegung und Prozessumfeld sind weitergehende Einsparungen m\u00f6glich.<\/span><\/i><span data-ccp-props=\"{}\">\u00a0<\/span><\/p>\n<p>&nbsp;<\/p>\n<h3><span style=\"color: #ff0000;\">PRAXISBEISPIEL EINES REALISIERTEN KUNDENPROJEKTS<\/span><\/h3>\n<p><span data-contrast=\"auto\">In einer kundenindividuellen Anlage haben wir eine teilautomatisierte L\u00f6sung zur Werkzeugreinigung mit angebundenem Lager, individuell entwickelter F\u00f6rdertechnik sowie ergonomisch wendbaren Halterungen f\u00fcr Werkzeuge von bis zu 10 Tonnen realisiert. Das Reinigungskonzept kombiniert Laser- und Trockeneis-Reinigung in einem abgestimmten Prozess.<\/span><span data-ccp-props=\"{}\">\u00a0<\/span><\/p>\n<p><span data-contrast=\"auto\">Die Werkzeuge werden automatisiert aus dem Lager entnommen und in eine schallgesch\u00fctzte Reinigungskabine transportiert. Dort erfolgen Demontage und positionsgenaues Einspannen in individuell entwickelte hochbelastbare 360\u00b0-Halterungen. Trotz der enormen Masse werden die Werkzeuge pr\u00e4zise f\u00fcr die nachfolgenden Prozesse ausgerichtet. Daraufhin werden die Bauteile pr\u00e4zise lasergereinigt und einer Trockeneis-Nachreinigung unterzogen.<\/span><span data-ccp-props=\"{}\">\u00a0<\/span><\/p>\n<p><span data-contrast=\"auto\">Nach Abschluss des Reinigungsprozesses werden die gereinigten Werkzeuge automatisiert wieder in den Produktions- oder Lagerprozess eingebunden. Das Ergebnis sind\u00a0signifikant\u00a0verk\u00fcrzte Reinigungszeiten, ein reduzierter CO\u2082-\u00a0und Energieverbrauch sowie eine\u00a0h\u00f6here Reinigungsqualit\u00e4t und\u00a0nachhaltige Entlastung des Bedienpersonals.<\/span><span data-ccp-props=\"{}\">\u00a0<\/span><\/p>\n<p>&nbsp;<\/p>\n<h3>REALISIERUNG DANK UNSERER EXPERTISE IN DEN BEREICHEN<\/h3>\n<p>&nbsp;<\/p>\n<ul>\n<li><b><span data-contrast=\"auto\">Automatisierte Laserreinigungssysteme<\/span><\/b><span data-ccp-props=\"{}\">\u00a0<\/span><\/li>\n<li><b><span data-contrast=\"auto\">Prozessindividuelle F\u00f6rder<\/span><\/b><span data-contrast=\"auto\">&#8211;<b>, <\/b><\/span><b><span data-contrast=\"auto\">Lager-<\/span><\/b><span data-contrast=\"auto\">\u00a0und\u00a0<\/span><b><span data-contrast=\"auto\">\u00dcbergabetechnik<\/span><\/b><span data-ccp-props=\"{}\">\u00a0<\/span><\/li>\n<li><b><span data-contrast=\"auto\">Integration<\/span><\/b><span data-contrast=\"auto\">\u00a0weiterer\u00a0<\/span><b><span data-contrast=\"auto\">Reinigungsverfahren<\/span><\/b><span data-contrast=\"auto\"> (z. B. CO\u2082-<\/span><span data-contrast=\"auto\">Reinigungskabine)<\/span><span data-ccp-props=\"{}\">\u00a0<\/span><\/li>\n<li><span data-contrast=\"auto\">Entwicklung\u00a0<\/span><b><span data-contrast=\"auto\">kundenspezifischer\u00a0Sonderl\u00f6sungen<\/span><\/b><span data-contrast=\"auto\">, Prototypen und Handlingskonzepte \u2013 auch f\u00fcr schwere, komplexe oder unhandliche Geometrien<\/span><span data-ccp-props=\"{}\">\u00a0<\/span><\/li>\n<li><b><span data-contrast=\"auto\">Kunden- und prozessorientierte Beratung<\/span><\/b><span data-contrast=\"auto\">,\u00a0<\/span><b><span data-contrast=\"auto\">Planung<\/span><\/b><span data-contrast=\"auto\">\u00a0und vollst\u00e4ndige\u00a0<\/span><b><span data-contrast=\"auto\">Umsetzung<\/span><\/b><span data-contrast=\"auto\"> \u2013 von Konstruktion und Fertigung bis zur Inbetriebnahme, Service und After-Sales<\/span><span data-ccp-props=\"{}\">\u00a0<\/span><\/li>\n<\/ul>\n<p>&nbsp;<\/p>\n<p>&nbsp;<\/p>\n","protected":false},"excerpt":{"rendered":"<p>AUTOMATISIERTE LASERREINIGUNG ALS INDIVIDUELLE L\u00d6SUNG &nbsp; Wir realisieren ma\u00dfgeschneiderte Gesamtl\u00f6sungen zur voll-\/ teilautomatisierten Laserreinigung\u00a0\u2013\u00a0pr\u00e4zise auf die Prozesse, Bauteile und Produktionsumgebungen unserer Kunden.\u00a0Die\u00a0Laserreinigung\u00a0wird dabei nicht isoliert&#8230;<\/p>\n","protected":false},"author":1,"featured_media":1941,"parent":8,"menu_order":6,"comment_status":"closed","ping_status":"closed","template":"","meta":{"footnotes":"","_links_to":"","_links_to_target":""},"class_list":["post-1940","page","type-page","status-publish","has-post-thumbnail","hentry"],"_links":{"self":[{"href":"https:\/\/elpo-thermoprozesstechnik.de\/index.php?rest_route=\/wp\/v2\/pages\/1940","targetHints":{"allow":["GET"]}}],"collection":[{"href":"https:\/\/elpo-thermoprozesstechnik.de\/index.php?rest_route=\/wp\/v2\/pages"}],"about":[{"href":"https:\/\/elpo-thermoprozesstechnik.de\/index.php?rest_route=\/wp\/v2\/types\/page"}],"author":[{"embeddable":true,"href":"https:\/\/elpo-thermoprozesstechnik.de\/index.php?rest_route=\/wp\/v2\/users\/1"}],"replies":[{"embeddable":true,"href":"https:\/\/elpo-thermoprozesstechnik.de\/index.php?rest_route=%2Fwp%2Fv2%2Fcomments&post=1940"}],"version-history":[{"count":11,"href":"https:\/\/elpo-thermoprozesstechnik.de\/index.php?rest_route=\/wp\/v2\/pages\/1940\/revisions"}],"predecessor-version":[{"id":1973,"href":"https:\/\/elpo-thermoprozesstechnik.de\/index.php?rest_route=\/wp\/v2\/pages\/1940\/revisions\/1973"}],"up":[{"embeddable":true,"href":"https:\/\/elpo-thermoprozesstechnik.de\/index.php?rest_route=\/wp\/v2\/pages\/8"}],"wp:featuredmedia":[{"embeddable":true,"href":"https:\/\/elpo-thermoprozesstechnik.de\/index.php?rest_route=\/wp\/v2\/media\/1941"}],"wp:attachment":[{"href":"https:\/\/elpo-thermoprozesstechnik.de\/index.php?rest_route=%2Fwp%2Fv2%2Fmedia&parent=1940"}],"curies":[{"name":"wp","href":"https:\/\/api.w.org\/{rel}","templated":true}]}}