{"id":1843,"date":"2026-01-15T13:47:46","date_gmt":"2026-01-15T13:47:46","guid":{"rendered":"https:\/\/elpo-thermoprozesstechnik.de\/?page_id=1843"},"modified":"2026-03-25T21:06:33","modified_gmt":"2026-03-25T20:06:33","slug":"thermische-nachverbrennung","status":"publish","type":"page","link":"https:\/\/elpo-thermoprozesstechnik.de\/?page_id=1843","title":{"rendered":"Thermische Nachverbrennung"},"content":{"rendered":"\r\n<h2 class=\"wp-block-heading has-vivid-red-color has-text-color has-link-color wp-elements-343abf68182e11c9cf364a28f42a5a48\"><img loading=\"lazy\" decoding=\"async\" width=\"40\" height=\"40\" class=\"wp-image-1794\" style=\"width: 40px;\" src=\"https:\/\/elpo-thermoprozesstechnik.de\/wp-content\/uploads\/2026\/01\/2018724_Icons_TNV.png\" alt=\"\" \/> <span style=\"color: #ff0000;\">THERMISCHE NACHVERBRENNUNG (TNV)<\/span><\/h2>\r\n\r\n\r\n\r\n<p>Unsere prozessintegrierte thermische Nachverbrennung vereint energieeffiziente Abluftreinigung, optimale W\u00e4rmer\u00fcckgewinnung und platzsparendes Design. Ideal f\u00fcr Unternehmen, die mit ihrer Thermoprozessanlage Nachhaltigkeit und Wirtschaftlichkeit kombinieren m\u00f6chten.<\/p>\r\n\r\n\r\n\r\n<h3 class=\"wp-block-heading\"><strong>Funktionsweise der prozessintegrierten TNV:<\/strong><\/h3>\r\n\r\n\r\n\r\n<p>In vielen thermischen Prozessen entstehen Abluftstr\u00f6me, die mit fl\u00fcchtigen organischen Verbindungen (VOC) belastet sind. In der <strong>Thermischen Nachverbrennung<\/strong> wird die belastete Luft auf ca. <strong>800 \u00b0C<\/strong> erhitzt, wodurch organische Schadstoffe zuverl\u00e4ssig oxidiert werden. Das Ergebnis ist <strong>gereinigte Abluft, <\/strong>die den geltenden gesetzlichen <strong>Emissionsanforderungen entspricht<\/strong>.<\/p>\r\n\r\n\r\n\r\n<p>Die <strong>prozessintegrierte TNV<\/strong> von <strong>ELPO<\/strong> nutzt die dabei entstehende W\u00e4rme mehrfach: \u00dcber <strong>hocheffiziente W\u00e4rmetauscher<\/strong> wird die Energie sowohl in den <strong>Thermoprozess<\/strong> als auch <strong>rekuperativ<\/strong> in die thermische Nachverbrennung selbst <strong>zur\u00fcckgef\u00fchrt<\/strong>. Dabei ist es m\u00f6glich, mit einer ma\u00dfgeschneiderten prozessintegrierten TNV, einen <strong>Wirkungsgrad \u00fcber 100%<\/strong> zu erreichen.<\/p>\r\n\r\n\r\n\r\n<h3 class=\"wp-block-heading\"><strong>Kompakte Bauweise &#8211; maximale Fl\u00e4cheneffizienz:<\/strong><\/h3>\r\n\r\n\r\n\r\n<p>ELPO bietet zwei Bauweisen zur Integration einer Thermischen Nachverbrennung (TNV) in Thermoprozessanlagen &#8211; sowohl f\u00fcr Neubauten als auch zur Nachr\u00fcstung :<\/p>\r\n\r\n\r\n\r\n<ul class=\"wp-block-list\">\r\n<li>Container-TNV<\/li>\r\n\r\n\r\n\r\n<li>Mini-TNV<\/li>\r\n<\/ul>\r\n\r\n\r\n\r\n<p>Die <strong>Container-TNV<\/strong> ist als <strong>zentrale L\u00f6sung <\/strong>ausgelegt und reinigt die Abluft <strong>mehrerer Trocknungszonen<\/strong> von fl\u00fcchtigen organischen Verbindungen (VOC). Die <strong>Mini-TNV<\/strong> ist besonders platzsparend konzipiert und ben\u00f6tigt keine zus\u00e4tzliche Grundfl\u00e4che. Einzelne Trocknungszonen werden direkt mit einer eigenen integrierten TNV ausgestattet &#8211; <strong>effizient, raumsparend und wartungsfreundlich<\/strong>.<\/p>\r\n\r\n\r\n\r\n<p>Auf Basis Ihrer <strong>spezifischen Prozess-, Platz- und Energieanforderungen<\/strong> beraten wir Sie <strong>individuell<\/strong> und entwickeln die optimal integrierte TNV-L\u00f6sung f\u00fcr Ihre Anlage.<\/p>\r\n\r\n\r\n\r\n<p><strong>Ihre Vorteile:<\/strong><\/p>\r\n\r\n\r\n\r\n<ul class=\"wp-block-list\">\r\n<li>Flexible Integration in Neu- und Bestandsanlagen<\/li>\r\n\r\n\r\n\r\n<li>Geringer Installations- und Planungsaufwand<\/li>\r\n\r\n\r\n\r\n<li>Kompakte, servicefreundliche Konstruktion<\/li>\r\n<\/ul>\r\n\r\n\r\n\r\n<p>So bleibt Ihre Anlage <strong>schlank, effizient und zukunftssicher<\/strong> \u2013 auch bei begrenztem Platzangebot.<\/p>\r\n\r\n\r\n\r\n<h3 class=\"wp-block-heading\"><strong>Energieeffizienz und W\u00e4rmer\u00fcckgewinnung:<\/strong><\/h3>\r\n\r\n\r\n\r\n<p>Obwohl das Rohgas f\u00fcr die Reinigung auf <strong>rund 800 \u00b0C<\/strong> erhitzt wird, steigert eine prozessintegrierte TNV die <strong>Effizienz <\/strong>der Gesamtanlage deutlich. M\u00f6glich wird dies durch ein <strong>hochmodernes W\u00e4rmer\u00fcckgewinnungssystem,<\/strong> das die W\u00e4rme der gereinigten Abluft\u00a0 verlustarm in den Prozess und die thermische Nachverbrennung zur\u00fcckf\u00fchrt. Erst durch die effektive Reinigung der Abluft wird diese umfassende W\u00e4rmer\u00fcckgewinnung technisch realisierbar.<\/p>\r\n\r\n\r\n\r\n<p><strong>Das bedeutet f\u00fcr Sie:<\/strong><\/p>\r\n\r\n\r\n\r\n<ul class=\"wp-block-list\">\r\n<li>Steigerung der Gesamteffizienz<\/li>\r\n\r\n\r\n\r\n<li>Reduzierung von Energieverbrauch und <span data-contrast=\"auto\">CO\u2082<\/span>-Emissionen<\/li>\r\n\r\n\r\n\r\n<li>Kein zus\u00e4tzlicher Brenner erforderlich, da die Abw\u00e4rme der TNV genutzt wird &#8211; Einsparung von Investitions- und Wartungskosten<\/li>\r\n\r\n\r\n\r\n<li>Minimale Betriebskosten bei hoher Umweltvertr\u00e4glichkeit<\/li>\r\n<\/ul>\r\n\r\n\r\n\r\n<p>&nbsp;<\/p>\r\n","protected":false},"excerpt":{"rendered":"<p>THERMISCHE NACHVERBRENNUNG (TNV) Unsere prozessintegrierte thermische Nachverbrennung vereint energieeffiziente Abluftreinigung, optimale W\u00e4rmer\u00fcckgewinnung und platzsparendes Design. Ideal f\u00fcr Unternehmen, die mit ihrer Thermoprozessanlage Nachhaltigkeit und Wirtschaftlichkeit&#8230;<\/p>\n","protected":false},"author":1,"featured_media":1791,"parent":1138,"menu_order":3,"comment_status":"closed","ping_status":"closed","template":"","meta":{"footnotes":"","_links_to":"","_links_to_target":""},"class_list":["post-1843","page","type-page","status-publish","has-post-thumbnail","hentry"],"_links":{"self":[{"href":"https:\/\/elpo-thermoprozesstechnik.de\/index.php?rest_route=\/wp\/v2\/pages\/1843","targetHints":{"allow":["GET"]}}],"collection":[{"href":"https:\/\/elpo-thermoprozesstechnik.de\/index.php?rest_route=\/wp\/v2\/pages"}],"about":[{"href":"https:\/\/elpo-thermoprozesstechnik.de\/index.php?rest_route=\/wp\/v2\/types\/page"}],"author":[{"embeddable":true,"href":"https:\/\/elpo-thermoprozesstechnik.de\/index.php?rest_route=\/wp\/v2\/users\/1"}],"replies":[{"embeddable":true,"href":"https:\/\/elpo-thermoprozesstechnik.de\/index.php?rest_route=%2Fwp%2Fv2%2Fcomments&post=1843"}],"version-history":[{"count":4,"href":"https:\/\/elpo-thermoprozesstechnik.de\/index.php?rest_route=\/wp\/v2\/pages\/1843\/revisions"}],"predecessor-version":[{"id":1972,"href":"https:\/\/elpo-thermoprozesstechnik.de\/index.php?rest_route=\/wp\/v2\/pages\/1843\/revisions\/1972"}],"up":[{"embeddable":true,"href":"https:\/\/elpo-thermoprozesstechnik.de\/index.php?rest_route=\/wp\/v2\/pages\/1138"}],"wp:featuredmedia":[{"embeddable":true,"href":"https:\/\/elpo-thermoprozesstechnik.de\/index.php?rest_route=\/wp\/v2\/media\/1791"}],"wp:attachment":[{"href":"https:\/\/elpo-thermoprozesstechnik.de\/index.php?rest_route=%2Fwp%2Fv2%2Fmedia&parent=1843"}],"curies":[{"name":"wp","href":"https:\/\/api.w.org\/{rel}","templated":true}]}}